{"id":10,"date":"2018-01-03T21:28:34","date_gmt":"2018-01-03T21:28:34","guid":{"rendered":"https:\/\/stallzeit-dk.de\/?page_id=10"},"modified":"2025-01-08T18:32:23","modified_gmt":"2025-01-08T18:32:23","slug":"idee-und-ziele","status":"publish","type":"page","link":"https:\/\/stallzeit-dk.de\/?page_id=10","title":{"rendered":"Idee und Ziele"},"content":{"rendered":"<p>Inspiriert von der Arbeit auf der Jugendfarm und meiner eigenen Begeisterung f\u00fcr die Arbeit mit Shettys vom Boden aus, m\u00f6chte ich Kindern erm\u00f6glichen, einem Pony zu begegnen. Auf Augenh\u00f6he k\u00f6nnen sie ihre eigenen Erfahrungen machen und viel \u00a0Freude mit Charmy erleben. Aber auch die kleineren Tiere, wie bei mir die Kaninchen haben eine besondere Wirkung auf Kinder.<\/p>\n<h3><\/h3>\n<p>Ziele, die mir f\u00fcr die Kinder am Herzen liegen:<\/p>\n<ul>\n<li><u>St\u00e4rkung des Selbstbewusstseins <\/u>&#8211; Mir ist es wichtig, dass die Kinder Vertrauen in ihre F\u00e4higkeiten haben und wissen, was sie <em>k\u00f6nnen<\/em> oder eben <em>noch nicht<\/em> k\u00f6nnen. Das soll sie aber nicht abschrecken, sondern ermutigen und best\u00e4rken, so lange zu fragen und zu \u00fcben, bis sie es <em>k\u00f6nnen<\/em>.<\/li>\n<\/ul>\n<p>&nbsp;<\/p>\n<ul>\n<li><u>\u00dcbernahme von Verantwortung<\/u> &#8211; Verantwortungsbewusstsein ist eine wertvolle F\u00e4higkeit in der heutigen Zeit. Auch Kinder k\u00f6nnen schon lernen, was ihr \u201eTun oder Lassen\u201c f\u00fcr Folgen hat.<\/li>\n<\/ul>\n<p>&nbsp;<\/p>\n<ul>\n<li style=\"list-style-type: none;\"><\/li>\n<li><u>F\u00fcrsorge lernen <\/u>&#8211; \u201eF\u00fcr etwas sorgen\u201c- nicht jedes Lebewesen ist in der Lage und kann alles selber tun, um zurechtzukommen. Tiere sind darauf angewiesen von uns versorgt zu werden. Aber auch Kinder untereinander k\u00f6nnen f\u00fcreinander sorgen lernen, indem sie sich z.B. helfen.<\/li>\n<\/ul>\n<p>&nbsp;<\/p>\n<ul>\n<li><u>Soziale F\u00e4higkeiten st\u00e4rken <\/u>&#8211; Es gibt eine Vielzahl an sozialen F\u00e4higkeiten. Traditionell werden sie in der Familie erlernt. Die Kleingruppe ist ebenfalls ideales Lern- und Entwicklungsfeld f\u00fcr z.B. Wahrnehmung, Wertsch\u00e4tzung und Kooperation.<\/li>\n<\/ul>\n<p>&nbsp;<\/p>\n<ul>\n<li><u>Bezug zur Natur herstellen <\/u>&#8211; Kinder k\u00f6nnen sich drau\u00dfen super austoben, was sich positiv auf ihre Laune und ihre Gesundheit auswirkt. Au\u00dferdem bietet die Natur zahlreiche Dinge, die es zu entdecken gibt. Auch im Zusammenhang mit der Tierhaltung ist es f\u00fcr Kinder spannend zu sehen woher das Futter kommt, wie es gemacht wird und wie es gelagert wird.<\/li>\n<\/ul>\n<p>&nbsp;<\/p>\n<ul>\n<li><u>F\u00f6rderung der Grob- und Feinmotorik <\/u>&#8211; Bewegungsfertigkeiten der Kinder \u201eim Gro\u00dfen (z.B. Schubkarren schieben) und im Kleinen (F\u00fchrstrick am Halfter befestigen)\u201c \u00fcben.<\/li>\n<\/ul>\n<p>&nbsp;<\/p>\n<ul>\n<li><u>Erm\u00f6glichung haptischer Erfahrungen <\/u>&#8211; Das Pony ist tats\u00e4chlich ertastbar und greifbar. Ganz praktisch k\u00f6nnen es die Kinder anfassen und sp\u00fcren, wie es sich anf\u00fchlt.<\/li>\n<\/ul>\n","protected":false},"excerpt":{"rendered":"<p>Inspiriert von der Arbeit auf der Jugendfarm und meiner eigenen Begeisterung f\u00fcr die Arbeit mit Shettys vom Boden aus, m\u00f6chte ich Kindern erm\u00f6glichen, einem Pony zu begegnen. Auf Augenh\u00f6he k\u00f6nnen sie ihre eigenen Erfahrungen machen und viel \u00a0Freude mit Charmy erleben. Aber auch die kleineren Tiere, wie bei mir die Kaninchen haben eine besondere Wirkung &hellip; <\/p>\n<p class=\"link-more\"><a href=\"https:\/\/stallzeit-dk.de\/?page_id=10\" class=\"more-link\"><span class=\"screen-reader-text\">\u201eIdee und Ziele\u201c<\/span> weiterlesen<\/a><\/p>\n","protected":false},"author":1,"featured_media":0,"parent":0,"menu_order":0,"comment_status":"closed","ping_status":"closed","template":"","meta":{"footnotes":""},"class_list":["post-10","page","type-page","status-publish","hentry"],"_links":{"self":[{"href":"https:\/\/stallzeit-dk.de\/index.php?rest_route=\/wp\/v2\/pages\/10","targetHints":{"allow":["GET"]}}],"collection":[{"href":"https:\/\/stallzeit-dk.de\/index.php?rest_route=\/wp\/v2\/pages"}],"about":[{"href":"https:\/\/stallzeit-dk.de\/index.php?rest_route=\/wp\/v2\/types\/page"}],"author":[{"embeddable":true,"href":"https:\/\/stallzeit-dk.de\/index.php?rest_route=\/wp\/v2\/users\/1"}],"replies":[{"embeddable":true,"href":"https:\/\/stallzeit-dk.de\/index.php?rest_route=%2Fwp%2Fv2%2Fcomments&post=10"}],"version-history":[{"count":6,"href":"https:\/\/stallzeit-dk.de\/index.php?rest_route=\/wp\/v2\/pages\/10\/revisions"}],"predecessor-version":[{"id":149,"href":"https:\/\/stallzeit-dk.de\/index.php?rest_route=\/wp\/v2\/pages\/10\/revisions\/149"}],"wp:attachment":[{"href":"https:\/\/stallzeit-dk.de\/index.php?rest_route=%2Fwp%2Fv2%2Fmedia&parent=10"}],"curies":[{"name":"wp","href":"https:\/\/api.w.org\/{rel}","templated":true}]}}