{"id":12,"date":"2018-01-03T21:42:32","date_gmt":"2018-01-03T21:42:32","guid":{"rendered":"https:\/\/stallzeit-dk.de\/?page_id=12"},"modified":"2025-01-08T18:19:29","modified_gmt":"2025-01-08T18:19:29","slug":"inhalte-und-preise","status":"publish","type":"page","link":"https:\/\/stallzeit-dk.de\/?page_id=12","title":{"rendered":"Inhalte und Preise"},"content":{"rendered":"<p><u>Inhalte einer Ponystunde<br \/>\n<\/u><\/p>\n<ul>\n<li>Pflege des Ponys (von Schopf bis Schweif, vom Widerrist bis zu den Hufen \ud83d\ude42 )<\/li>\n<li>Umgang mit dem Pony (z.B. aufz\u00e4umen, f\u00fchren, kleine \u00dcbungen auf dem Reitplatz)<\/li>\n<li>\u201eDrumrum\u201c (Stall misten, fegen, f\u00fcttern\u2026..)<\/li>\n<li>R\u00e4tsel, Spiele, basteln\u2026<\/li>\n<\/ul>\n<p>&nbsp;<\/p>\n<p>Inhalte einer Zwergenstunde<\/p>\n<ul>\n<li>Kaninchen begr\u00fc\u00dfen, beobachten<\/li>\n<li>Kaninchen f\u00fcttern und den Stall sauber machen<\/li>\n<li>R\u00e4tsel, Spiele, basteln&#8230;<\/li>\n<\/ul>\n<p>&nbsp;<\/p>\n<hr \/>\n<p>Je nach Jahreszeit, Interessen der Kinder und aktueller Tagesform der Beteiligten, entscheide ich individuell, was wir in der Stallzeit machen.<\/p>\n<hr \/>\n<p>&nbsp;<\/p>\n<p><u>Preise<\/u><\/p>\n<ul>\n<li>Zwergenstunde\u00a0\u00a0\u00a0\u00a0\u00a0\u00a0\u00a0\u00a0\u00a0\u00a0\u00a0\u00a0\u00a0\u00a0\u00a0\u00a0\u00a0\u00a0\u00a0\u00a0\u00a0\u00a0\u00a0\u00a0\u00a0\u00a0\u00a0\u00a0\u00a0\u00a0\u00a0\u00a0\u00a0\u00a0\u00a0\u00a0\u00a0\u00a0\u00a0\u00a0\u00a0\u00a0\u00a0\u00a0\u00a0\u00a0\u00a0\u00a0\u00a0\u00a0\u00a0\u00a0\u00a0\u00a0\u00a0\u00a0\u00a0\u00a0\u00a0\u00a0\u00a0\u00a0\u00a0\u00a0\u00a0\u00a0\u00a0\u00a0\u00a0\u00a0 20,00 Euro pro Kind<\/li>\n<li>Ponystunde 30 min\u00a0\u00a0\u00a0\u00a0\u00a0\u00a0\u00a0\u00a0\u00a0\u00a0\u00a0\u00a0\u00a0\u00a0\u00a0\u00a0\u00a0\u00a0\u00a0\u00a0\u00a0\u00a0\u00a0\u00a0\u00a0\u00a0\u00a0\u00a0\u00a0\u00a0\u00a0\u00a0\u00a0\u00a0\u00a0\u00a0\u00a0\u00a0\u00a0\u00a0\u00a0\u00a0\u00a0\u00a0\u00a0\u00a0 \u00a0 \u00a0 \u00a0 \u00a0 \u00a0 \u00a0 \u00a0 \u00a0\u00a0 20,00 Euro pro Kind<\/li>\n<li>Ponystunde (Gruppe*) 2h\u00a0\u00a0\u00a0\u00a0\u00a0\u00a0\u00a0\u00a0\u00a0\u00a0\u00a0 \u00a0 \u00a0 \u00a0 \u00a0 \u00a0 \u00a0 \u00a0 \u00a0 \u00a0 \u00a0 \u00a0 \u00a0 \u00a0 \u00a0 \u00a0 \u00a0 \u00a0 \u00a0 \u00a0 \u00a0\u00a0 30,00 Euro pro Kind<\/li>\n<\/ul>\n<p>Auf Anfrage erstelle ich Ihnen auch gerne ein individuelles Angebot.<\/p>\n<p>*Gruppe: 4 Kinder<\/p>\n<p>&nbsp;<\/p>\n","protected":false},"excerpt":{"rendered":"<p>Inhalte einer Ponystunde Pflege des Ponys (von Schopf bis Schweif, vom Widerrist bis zu den Hufen \ud83d\ude42 ) Umgang mit dem Pony (z.B. aufz\u00e4umen, f\u00fchren, kleine \u00dcbungen auf dem Reitplatz) \u201eDrumrum\u201c (Stall misten, fegen, f\u00fcttern\u2026..) R\u00e4tsel, Spiele, basteln\u2026 &nbsp; Inhalte einer Zwergenstunde Kaninchen begr\u00fc\u00dfen, beobachten Kaninchen f\u00fcttern und den Stall sauber machen R\u00e4tsel, Spiele, basteln&#8230; &hellip; <\/p>\n<p class=\"link-more\"><a href=\"https:\/\/stallzeit-dk.de\/?page_id=12\" class=\"more-link\"><span class=\"screen-reader-text\">\u201eInhalte und Preise\u201c<\/span> weiterlesen<\/a><\/p>\n","protected":false},"author":1,"featured_media":0,"parent":0,"menu_order":0,"comment_status":"closed","ping_status":"closed","template":"","meta":{"footnotes":""},"class_list":["post-12","page","type-page","status-publish","hentry"],"_links":{"self":[{"href":"https:\/\/stallzeit-dk.de\/index.php?rest_route=\/wp\/v2\/pages\/12","targetHints":{"allow":["GET"]}}],"collection":[{"href":"https:\/\/stallzeit-dk.de\/index.php?rest_route=\/wp\/v2\/pages"}],"about":[{"href":"https:\/\/stallzeit-dk.de\/index.php?rest_route=\/wp\/v2\/types\/page"}],"author":[{"embeddable":true,"href":"https:\/\/stallzeit-dk.de\/index.php?rest_route=\/wp\/v2\/users\/1"}],"replies":[{"embeddable":true,"href":"https:\/\/stallzeit-dk.de\/index.php?rest_route=%2Fwp%2Fv2%2Fcomments&post=12"}],"version-history":[{"count":23,"href":"https:\/\/stallzeit-dk.de\/index.php?rest_route=\/wp\/v2\/pages\/12\/revisions"}],"predecessor-version":[{"id":146,"href":"https:\/\/stallzeit-dk.de\/index.php?rest_route=\/wp\/v2\/pages\/12\/revisions\/146"}],"wp:attachment":[{"href":"https:\/\/stallzeit-dk.de\/index.php?rest_route=%2Fwp%2Fv2%2Fmedia&parent=12"}],"curies":[{"name":"wp","href":"https:\/\/api.w.org\/{rel}","templated":true}]}}