{"id":40,"date":"2018-01-03T22:32:16","date_gmt":"2018-01-03T22:32:16","guid":{"rendered":"https:\/\/stallzeit-dk.de\/?page_id=40"},"modified":"2025-01-08T20:30:54","modified_gmt":"2025-01-08T20:30:54","slug":"team","status":"publish","type":"page","link":"https:\/\/stallzeit-dk.de\/?page_id=40","title":{"rendered":"Team"},"content":{"rendered":"<p><img loading=\"lazy\" decoding=\"async\" class=\"alignnone wp-image-72 \" src=\"https:\/\/stallzeit-dk.de\/wp-content\/uploads\/2018\/07\/IMG_3048-1024x683.jpg\" alt=\"\" width=\"426\" height=\"284\" srcset=\"https:\/\/stallzeit-dk.de\/wp-content\/uploads\/2018\/07\/IMG_3048-1024x683.jpg 1024w, https:\/\/stallzeit-dk.de\/wp-content\/uploads\/2018\/07\/IMG_3048-300x200.jpg 300w, https:\/\/stallzeit-dk.de\/wp-content\/uploads\/2018\/07\/IMG_3048-768x512.jpg 768w\" sizes=\"auto, (max-width: 426px) 100vw, 426px\" \/><\/p>\n<p><u>Charmy<\/u> ist vierzehn Jahre alt und ca. 95 cm gro\u00df. Er ist ein geduldiges Shetlandpony, macht viel mit und hat manchmal auch seine eigenen Ideen. \ud83d\ude42<\/p>\n<p>Au\u00dferdem kuschelt er gerne, liebt es geputzt zu werden und hat je nach Jahreszeit\u00a0 wei\u00dfes oder braunes Fell.<\/p>\n<p>Ich bin <u>Daniela K\u00fcbler<\/u>. Seit meinem dreizehnten Lebensjahr verbringe ich viel meiner Freizeit im Stall bei meinem Pony und bei den Kaninchen. 2012 habe ich die Ausbildung als staatlich anerkannte Jugend- und Heimerzieherin erfolgreich abgeschlossen.<\/p>\n<p>Das Anerkennungsjahr auf der Jugendfarm hat mich f\u00fcr die Arbeit mit Kindern und Tieren begeistert. Es hat mich immer wieder fasziniert, wie ruhig und ausgeglichen die Kinder wurden, wenn sie ein Kaninchen streicheln konnten. Wie sie gerne mithalfen die Tiere zu versorgen und wie sie St\u00fcck f\u00fcr St\u00fcck mutiger und selbstbewusster wurden, wenn man ihnen Verantwortung f\u00fcr die Tier \u00fcbergeben hat.<\/p>\n<p>Wenn es m\u00f6glich war, habe ich mein Pony auch sp\u00e4ter im Job als Jugend- und Heimerzieherin miteinbezogen. Von 2020 bis 2023 habe ich die Weiterbildung zur Tiergest\u00fctzten Fachkraft an der Liehrnhof Akademie gemacht. Dort habe ich viele wertvolle Erfahrungen gesammelt und mein Wissen \u00fcber die Vierbeiner und deren Einsatz im p\u00e4dagogischen Kontext vertieft.<\/p>\n<p style=\"text-align: center;\"><img loading=\"lazy\" decoding=\"async\" class=\"wp-image-153\" src=\"https:\/\/stallzeit-dk.de\/wp-content\/uploads\/2025\/01\/IMG_20240324_081915-225x300.jpg\" alt=\"\" width=\"276\" height=\"368\" srcset=\"https:\/\/stallzeit-dk.de\/wp-content\/uploads\/2025\/01\/IMG_20240324_081915-225x300.jpg 225w, https:\/\/stallzeit-dk.de\/wp-content\/uploads\/2025\/01\/IMG_20240324_081915-768x1024.jpg 768w, https:\/\/stallzeit-dk.de\/wp-content\/uploads\/2025\/01\/IMG_20240324_081915-1152x1536.jpg 1152w, https:\/\/stallzeit-dk.de\/wp-content\/uploads\/2025\/01\/IMG_20240324_081915-1536x2048.jpg 1536w, https:\/\/stallzeit-dk.de\/wp-content\/uploads\/2025\/01\/IMG_20240324_081915-scaled.jpg 1920w\" sizes=\"auto, (max-width: 276px) 100vw, 276px\" \/><\/p>\n<p style=\"text-align: center;\">Das sind Hugo, Chilli, Willi und Lari. Eine buntgemischte Truppe aus verschiedenen Rassen und Charakteren. Mit ihnen ist es nie langweilig :).<\/p>\n","protected":false},"excerpt":{"rendered":"<p>Charmy ist vierzehn Jahre alt und ca. 95 cm gro\u00df. Er ist ein geduldiges Shetlandpony, macht viel mit und hat manchmal auch seine eigenen Ideen. \ud83d\ude42 Au\u00dferdem kuschelt er gerne, liebt es geputzt zu werden und hat je nach Jahreszeit\u00a0 wei\u00dfes oder braunes Fell. Ich bin Daniela K\u00fcbler. Seit meinem dreizehnten Lebensjahr verbringe ich viel &hellip; <\/p>\n<p class=\"link-more\"><a href=\"https:\/\/stallzeit-dk.de\/?page_id=40\" class=\"more-link\"><span class=\"screen-reader-text\">\u201eTeam\u201c<\/span> weiterlesen<\/a><\/p>\n","protected":false},"author":1,"featured_media":0,"parent":0,"menu_order":0,"comment_status":"closed","ping_status":"closed","template":"","meta":{"footnotes":""},"class_list":["post-40","page","type-page","status-publish","hentry"],"_links":{"self":[{"href":"https:\/\/stallzeit-dk.de\/index.php?rest_route=\/wp\/v2\/pages\/40","targetHints":{"allow":["GET"]}}],"collection":[{"href":"https:\/\/stallzeit-dk.de\/index.php?rest_route=\/wp\/v2\/pages"}],"about":[{"href":"https:\/\/stallzeit-dk.de\/index.php?rest_route=\/wp\/v2\/types\/page"}],"author":[{"embeddable":true,"href":"https:\/\/stallzeit-dk.de\/index.php?rest_route=\/wp\/v2\/users\/1"}],"replies":[{"embeddable":true,"href":"https:\/\/stallzeit-dk.de\/index.php?rest_route=%2Fwp%2Fv2%2Fcomments&post=40"}],"version-history":[{"count":10,"href":"https:\/\/stallzeit-dk.de\/index.php?rest_route=\/wp\/v2\/pages\/40\/revisions"}],"predecessor-version":[{"id":155,"href":"https:\/\/stallzeit-dk.de\/index.php?rest_route=\/wp\/v2\/pages\/40\/revisions\/155"}],"wp:attachment":[{"href":"https:\/\/stallzeit-dk.de\/index.php?rest_route=%2Fwp%2Fv2%2Fmedia&parent=40"}],"curies":[{"name":"wp","href":"https:\/\/api.w.org\/{rel}","templated":true}]}}