{"id":45,"date":"2018-01-03T22:46:10","date_gmt":"2018-01-03T22:46:10","guid":{"rendered":"https:\/\/stallzeit-dk.de\/?page_id=45"},"modified":"2025-01-08T16:53:31","modified_gmt":"2025-01-08T16:53:31","slug":"kontakt","status":"publish","type":"page","link":"https:\/\/stallzeit-dk.de\/?page_id=45","title":{"rendered":"Kontakt"},"content":{"rendered":"<p><u>B\u00fcro:<\/u><\/p>\n<p>Daniela K\u00fcbler, Waldstr. 4\/2 \u00a0\u00a0 71254 Ditzingen<\/p>\n<p><u>Stall:<\/u><\/p>\n<p>in der Waldstra\u00dfe in Sch\u00f6ckingen<\/p>\n<p><u>Kontakt: <\/u><\/p>\n<p>Da ich vielbesch\u00e4ftigt und oft unterwegs bin, w\u00e4re es super, wenn Sie mir eine Mail schreiben. Bitte geben Sie Ihre Nummer an, dann kann ich Sie zur\u00fcckrufen. Vielen Dank!<\/p>\n<p>E-Mail: daniela.kuebler@web.de<\/p>\n<p>Mit ein bisschen Gl\u00fcck erreichen Sie mich auch zu Hause unter der Nummer: 07156\/1802412 \ud83d\ude42<\/p>\n<p>&nbsp;<\/p>\n<p>&nbsp;<\/p>\n<p>&nbsp;<\/p>\n<p>&nbsp;<\/p>\n<p><u>Impressum<\/u><\/p>\n<p><u>Stallzeit<\/u><\/p>\n<p>Inh. Daniela K\u00fcbler, Waldstr. 4\/2 \u00a0 71254 Ditzingen<\/p>\n<p><u>E-Mail:<\/u>\u00a0\u00a0\u00a0\u00a0\u00a0\u00a0\u00a0\u00a0\u00a0 daniela.kuebler@web.de<\/p>\n<p><u>Website:<\/u>\u00a0\u00a0\u00a0\u00a0\u00a0\u00a0 www.stallzeit-dk.de<\/p>\n<p>&nbsp;<\/p>\n<p><u>Betriebsinhaber:<\/u>\u00a0\u00a0\u00a0\u00a0 Daniela K\u00fcbler<\/p>\n<p><u>Steuernummer:\u00a0<\/u>\u00a0\u00a0\u00a0\u00a0\u00a0\u00a0 70273\/36044<\/p>\n<p>Finanzamt Leonberg<\/p>\n<p><u>\u00a0<\/u><\/p>\n<p>&nbsp;<\/p>\n<p>&nbsp;<\/p>\n<p>&nbsp;<\/p>\n<h3><\/h3>\n","protected":false},"excerpt":{"rendered":"<p>B\u00fcro: Daniela K\u00fcbler, Waldstr. 4\/2 \u00a0\u00a0 71254 Ditzingen Stall: in der Waldstra\u00dfe in Sch\u00f6ckingen Kontakt: Da ich vielbesch\u00e4ftigt und oft unterwegs bin, w\u00e4re es super, wenn Sie mir eine Mail schreiben. Bitte geben Sie Ihre Nummer an, dann kann ich Sie zur\u00fcckrufen. Vielen Dank! E-Mail: daniela.kuebler@web.de Mit ein bisschen Gl\u00fcck erreichen Sie mich auch zu &hellip; <\/p>\n<p class=\"link-more\"><a href=\"https:\/\/stallzeit-dk.de\/?page_id=45\" class=\"more-link\"><span class=\"screen-reader-text\">\u201eKontakt\u201c<\/span> weiterlesen<\/a><\/p>\n","protected":false},"author":1,"featured_media":0,"parent":0,"menu_order":0,"comment_status":"closed","ping_status":"closed","template":"","meta":{"footnotes":""},"class_list":["post-45","page","type-page","status-publish","hentry"],"_links":{"self":[{"href":"https:\/\/stallzeit-dk.de\/index.php?rest_route=\/wp\/v2\/pages\/45","targetHints":{"allow":["GET"]}}],"collection":[{"href":"https:\/\/stallzeit-dk.de\/index.php?rest_route=\/wp\/v2\/pages"}],"about":[{"href":"https:\/\/stallzeit-dk.de\/index.php?rest_route=\/wp\/v2\/types\/page"}],"author":[{"embeddable":true,"href":"https:\/\/stallzeit-dk.de\/index.php?rest_route=\/wp\/v2\/users\/1"}],"replies":[{"embeddable":true,"href":"https:\/\/stallzeit-dk.de\/index.php?rest_route=%2Fwp%2Fv2%2Fcomments&post=45"}],"version-history":[{"count":16,"href":"https:\/\/stallzeit-dk.de\/index.php?rest_route=\/wp\/v2\/pages\/45\/revisions"}],"predecessor-version":[{"id":134,"href":"https:\/\/stallzeit-dk.de\/index.php?rest_route=\/wp\/v2\/pages\/45\/revisions\/134"}],"wp:attachment":[{"href":"https:\/\/stallzeit-dk.de\/index.php?rest_route=%2Fwp%2Fv2%2Fmedia&parent=45"}],"curies":[{"name":"wp","href":"https:\/\/api.w.org\/{rel}","templated":true}]}}